{"id":2,"date":"2014-11-21T04:51:49","date_gmt":"2014-11-21T04:51:49","guid":{"rendered":"http:\/\/localhost\/wordpress-4.0.1\/wordpress\/?page_id=2"},"modified":"2024-07-02T10:39:04","modified_gmt":"2024-07-02T10:39:04","slug":"sample-page","status":"publish","type":"page","link":"https:\/\/www.ladyeveandheronemanband.de\/?page_id=2","title":{"rendered":"\u00dcber uns"},"content":{"rendered":"\n<div class=\"is-layout-flex wp-container-3 wp-block-columns\">\n<div class=\"is-layout-flow wp-block-column\"><div class=\"wp-block-image\">\n<figure class=\"alignright size-full is-resized\"><a href=\"https:\/\/www.ladyeveandheronemanband.de\/wp-content\/uploads\/2024\/06\/5X6A1680-sw-Kopie.jpg\"><img decoding=\"async\" loading=\"lazy\" src=\"https:\/\/www.ladyeveandheronemanband.de\/wp-content\/uploads\/2024\/06\/5X6A1680-sw-Kopie.jpg\" alt=\"\" class=\"wp-image-678\" width=\"262\" height=\"333\" srcset=\"https:\/\/www.ladyeveandheronemanband.de\/wp-content\/uploads\/2024\/06\/5X6A1680-sw-Kopie.jpg 523w, https:\/\/www.ladyeveandheronemanband.de\/wp-content\/uploads\/2024\/06\/5X6A1680-sw-Kopie-236x300.jpg 236w\" sizes=\"(max-width: 262px) 100vw, 262px\" \/><\/a><figcaption class=\"wp-element-caption\"><span style=\"color: #015d70;\">Lady Eve<\/span> &#8211; Eva Petzenhauser<\/figcaption><\/figure><\/div><\/div>\n\n\n\n<div class=\"is-layout-flow wp-block-column\"><div class=\"wp-block-image\">\n<figure class=\"alignleft size-full is-resized\"><a href=\"https:\/\/www.ladyeveandheronemanband.de\/wp-content\/uploads\/2024\/07\/GZ5A8243-1sw-Kopie.jpg\"><img decoding=\"async\" loading=\"lazy\" src=\"https:\/\/www.ladyeveandheronemanband.de\/wp-content\/uploads\/2024\/07\/GZ5A8243-1sw-Kopie.jpg\" alt=\"\" class=\"wp-image-728\" width=\"262\" height=\"334\" srcset=\"https:\/\/www.ladyeveandheronemanband.de\/wp-content\/uploads\/2024\/07\/GZ5A8243-1sw-Kopie.jpg 523w, https:\/\/www.ladyeveandheronemanband.de\/wp-content\/uploads\/2024\/07\/GZ5A8243-1sw-Kopie-235x300.jpg 235w\" sizes=\"(max-width: 262px) 100vw, 262px\" \/><\/a><figcaption class=\"wp-element-caption\"><span style=\"color: #015d70;\">one man band<\/span> &#8211; Michael Rei\u00df<\/figcaption><\/figure><\/div><\/div>\n<\/div>\n\n\n\n<div class=\"is-layout-flex wp-container-6 wp-block-columns\">\n<div class=\"is-layout-flow wp-block-column\">\n<p>ist S\u00e4ngerin, Kabarettistin und Synchronsprecherin. Einigen d\u00fcrfte sie bekannt sein aus Projekten wie \u201eOschnputtl\u201c,    &#8222;Conny &amp; die Sonntagsfahrer&#8220; oder den \u201eNullingers\u201c, bei welchen sie jahrelang t\u00e4glich Tochter \u201eTschackeline&#8220; auf Antenne Bayern ihre Stimme lieh. Aktuell zu h\u00f6ren ist Eva Petzenhauser unter anderem in diversen <br>Walt Disney Produktionen, wie z.B. in der Serie \u201eZipZip\u201c, &#8222;Gigantosaurus&#8220;, &#8222;PJ Masks&#8220; u.v.m.<br>Live macht sie seit 2017 mit Ihrem Kabarettduo &#8222;Petzenhauser&amp;W\u00e4hlt&#8220; <br>die B\u00fchnen Bayern und \u00d6sterreichs unsicher. <br><br>Eva ist Beatles-Fan seit dem Kindergarten und auch wenn ihr eine Ehe mit George Harrison verwehrt blieb, so hat sie sich zumindest trotzdem einen wunderbaren Gitarristen geschnappt, mit dem sie die tollen Lieder der Beatles nachspielen darf.<\/p>\n\n\n\n<p>Mehr Infos zu ihren Projekten und Tourdaten unter: &nbsp;<a class=\"\" href=\"http:\/\/www.eva-singt.de\/\">www.eva-singt.de<\/a><\/p>\n<\/div>\n\n\n\n<div class=\"is-layout-flow wp-block-column\">\n<p>hat Jazzgitarre an der Hochschule W\u00fcrzburg (Dipl.) und N\u00fcrnberg (MA) studiert <br>und arbeitet als Gitarrenlehrer an der Kreismusikschule Straubing-Bogen und am musischen Gymnasium &#8222;Anton-Bruckner&#8220;.<br> Wenn er nicht gerade unterrichtet, tourt er mit diversen Bands und Combos wie den &#8222;True Brew&#8220;, &#8222;Im Sitzn&#8220; oder &#8222;Eberwein&#8220; durch die Lande und verbreitet sch\u00f6ne T\u00f6ne.<br><br>Michael ist mit seiner Gitarre und Eva gleicherma\u00dfen verheiratet und auch wenn ihn Musiktexte nur m\u00e4\u00dfig interessieren, so ist er gro\u00dfer Fan der Musik von Queen und den Beatles und verl\u00e4sst sich beim Arrangieren der St\u00fccke ganz auf Noten und Kl\u00e4nge.<\/p>\n\n\n\n<p>Mehr Infos zu Michael Rei\u00df&nbsp;und seinem Debutalbum &#8222;Detached&#8220; unter : <a rel=\"noopener noreferrer\" href=\"http:\/\/michael-reiss-gitarrist.de\" target=\"_blank\">www.michael-reiss-gitarrist.de<\/a><\/p>\n<\/div>\n<\/div>\n","protected":false},"excerpt":{"rendered":"<p>ist S\u00e4ngerin, Kabarettistin und Synchronsprecherin. Einigen d\u00fcrfte sie bekannt sein aus Projekten wie \u201eOschnputtl\u201c, &#8222;Conny &amp; die Sonntagsfahrer&#8220; oder den \u201eNullingers\u201c, bei welchen sie jahrelang t\u00e4glich Tochter \u201eTschackeline&#8220; auf Antenne Bayern ihre Stimme lieh. Aktuell zu h\u00f6ren ist Eva Petzenhauser unter anderem in diversen Walt Disney Produktionen, wie z.B. in der Serie \u201eZipZip\u201c, &#8222;Gigantosaurus&#8220;, &#8222;PJ Masks&#8220; u.v.m.Live macht sie seit 2017 mit Ihrem Kabarettduo &#8222;Petzenhauser&amp;W\u00e4hlt&#8220; die B\u00fchnen Bayern und \u00d6sterreichs unsicher. Eva ist Beatles-Fan seit dem Kindergarten und auch wenn ihr eine Ehe mit George Harrison verwehrt blieb, so hat sie sich zumindest trotzdem einen wunderbaren Gitarristen geschnappt, mit dem sie die tollen Lieder der Beatles nachspielen darf. Mehr Infos zu ihren Projekten und Tourdaten unter: &nbsp;www.eva-singt.de hat Jazzgitarre an der Hochschule W\u00fcrzburg (Dipl.) und N\u00fcrnberg (MA) studiert und arbeitet als Gitarrenlehrer an der Kreismusikschule Straubing-Bogen und am musischen Gymnasium &#8222;Anton-Bruckner&#8220;. Wenn er nicht gerade unterrichtet, tourt er mit diversen Bands und Combos wie den &#8222;True Brew&#8220;, &#8222;Im Sitzn&#8220; oder &#8222;Eberwein&#8220; durch die Lande und verbreitet sch\u00f6ne T\u00f6ne. Michael ist mit seiner Gitarre und Eva gleicherma\u00dfen verheiratet und auch wenn ihn Musiktexte nur m\u00e4\u00dfig interessieren, so ist er gro\u00dfer Fan der Musik von Queen und den Beatles und verl\u00e4sst sich beim Arrangieren der St\u00fccke ganz auf Noten und Kl\u00e4nge. Mehr Infos zu Michael Rei\u00df&nbsp;und seinem Debutalbum &#8222;Detached&#8220; unter : www.michael-reiss-gitarrist.de<\/p>\n","protected":false},"author":1,"featured_media":0,"parent":0,"menu_order":0,"comment_status":"closed","ping_status":"open","template":"","meta":[],"_links":{"self":[{"href":"https:\/\/www.ladyeveandheronemanband.de\/index.php?rest_route=\/wp\/v2\/pages\/2"}],"collection":[{"href":"https:\/\/www.ladyeveandheronemanband.de\/index.php?rest_route=\/wp\/v2\/pages"}],"about":[{"href":"https:\/\/www.ladyeveandheronemanband.de\/index.php?rest_route=\/wp\/v2\/types\/page"}],"author":[{"embeddable":true,"href":"https:\/\/www.ladyeveandheronemanband.de\/index.php?rest_route=\/wp\/v2\/users\/1"}],"replies":[{"embeddable":true,"href":"https:\/\/www.ladyeveandheronemanband.de\/index.php?rest_route=%2Fwp%2Fv2%2Fcomments&post=2"}],"version-history":[{"count":79,"href":"https:\/\/www.ladyeveandheronemanband.de\/index.php?rest_route=\/wp\/v2\/pages\/2\/revisions"}],"predecessor-version":[{"id":734,"href":"https:\/\/www.ladyeveandheronemanband.de\/index.php?rest_route=\/wp\/v2\/pages\/2\/revisions\/734"}],"wp:attachment":[{"href":"https:\/\/www.ladyeveandheronemanband.de\/index.php?rest_route=%2Fwp%2Fv2%2Fmedia&parent=2"}],"curies":[{"name":"wp","href":"https:\/\/api.w.org\/{rel}","templated":true}]}}