{"id":18,"date":"2016-10-04T21:03:49","date_gmt":"2016-10-04T21:03:49","guid":{"rendered":"http:\/\/ladyeveandheronemanband.de\/?page_id=18"},"modified":"2022-02-07T12:38:49","modified_gmt":"2022-02-07T12:38:49","slug":"impressum","status":"publish","type":"page","link":"https:\/\/www.ladyeveandheronemanband.de\/?page_id=18","title":{"rendered":"Impressum"},"content":{"rendered":"<p>Eva Petzenhauser, Michael Rei\u00df<br \/>\nSchmelling 11<br \/>\n94354 Haselbach<br \/>\nDeutschland<\/p>\n<p>Tel.: 01606132350<br \/>\nE-Mail: info@eva-spricht.de<\/p>\n<p>Vertretungsberechtigter: Michael Rei\u00df<\/p>\n<p>Umsatzsteuer-Identifikationsnummer gem\u00e4\u00df \u00a7 27 a Umsatzsteuergesetz: 538 846 190 295<\/p>\n<p>Plattform der EU-Kommission zur Online-Streitbeilegung:\u00a0https:\/\/ec.europa.eu\/consumers\/odr<\/p>\n<p>Wir sind zur Teilnahme an einem Streitbeilegungsverfahren vor einer Verbraucherschlichtungsstelle weder verpflichtet noch bereit.<\/p>\n<p>Hinweise gem. \u00a7 6 des Teledienstegesetzes (TDG) in der Fassung des Gesetzes \u00fcber rechtliche Rahmenbedingungen f\u00fcr den elektronischen Gesch\u00e4ftsverkehr vom 20.12.2001.<\/p>\n<p><strong>Inhaltlich Verantwortlicher gem\u00e4\u00df \u00a76 MDStV:\u00a0<\/strong>Eva Petzenhauser<\/p>\n<p><strong>Haftungshinweis:<br \/>\n<\/strong>Eva Petzenhauser\u00a0\u00fcbernimmt keinerlei Gew\u00e4hr und Haftung f\u00fcr die Aktualit\u00e4t, Korrektheit und Vollst\u00e4ndigkeit der bereitgestellten Informationen und Daten. Haftungsanspr\u00fcche und sonstige Anspr\u00fcche gegen Petzenhauser &amp; Rei\u00df GbR, welche sich auf Sch\u00e4den materieller oder ideeller Art beziehen, die durch die Nutzung oder Nichtnutzung der dargebotenen Informationen bzw. durch die Nutzung fehlerhafter und unvollst\u00e4ndiger Informationen verursacht wurden sind grunds\u00e4tzlich ausgeschlossen, sofern seitens Eva Petzenhauser kein nachweislich vors\u00e4tzliches oder grob fahrl\u00e4ssiges Verschulden vorliegt. Die auf der facebook-Seite von Eva Petzenhauser dargestellten Angebote sind freibleibend und unverbindlich. Trotz sorgf\u00e4ltiger inhaltlicher Kontrolle \u00fcbernimmt Eva Petzenhauser keine Haftung f\u00fcr die Inhalte externer Links. F\u00fcr den Inhalt der verlinkten Seiten sind ausschlie\u00dflich deren Betreiber verantwortlich.<\/p>\n<p><strong>\u00a0<\/strong><\/p>\n","protected":false},"excerpt":{"rendered":"<p>Eva Petzenhauser, Michael Rei\u00df Schmelling 11 94354 Haselbach Deutschland Tel.: 01606132350 E-Mail: info@eva-spricht.de Vertretungsberechtigter: Michael Rei\u00df Umsatzsteuer-Identifikationsnummer gem\u00e4\u00df \u00a7 27 a Umsatzsteuergesetz: 538 846 190 295 Plattform der EU-Kommission zur Online-Streitbeilegung:\u00a0https:\/\/ec.europa.eu\/consumers\/odr Wir sind zur Teilnahme an einem Streitbeilegungsverfahren vor einer Verbraucherschlichtungsstelle weder verpflichtet noch bereit. Hinweise gem. \u00a7 6 des Teledienstegesetzes (TDG) in der Fassung des Gesetzes \u00fcber rechtliche Rahmenbedingungen f\u00fcr den elektronischen Gesch\u00e4ftsverkehr vom 20.12.2001. Inhaltlich Verantwortlicher gem\u00e4\u00df \u00a76 MDStV:\u00a0Eva Petzenhauser Haftungshinweis: Eva Petzenhauser\u00a0\u00fcbernimmt keinerlei Gew\u00e4hr und Haftung f\u00fcr die Aktualit\u00e4t, Korrektheit und Vollst\u00e4ndigkeit der bereitgestellten Informationen und Daten. Haftungsanspr\u00fcche und sonstige Anspr\u00fcche gegen Petzenhauser &amp; Rei\u00df GbR, welche sich auf Sch\u00e4den materieller oder ideeller Art beziehen, die durch die Nutzung oder Nichtnutzung der dargebotenen Informationen bzw. durch die Nutzung fehlerhafter und unvollst\u00e4ndiger Informationen verursacht wurden sind grunds\u00e4tzlich ausgeschlossen, sofern seitens Eva Petzenhauser kein nachweislich vors\u00e4tzliches oder grob fahrl\u00e4ssiges Verschulden vorliegt. Die auf der facebook-Seite von Eva Petzenhauser dargestellten Angebote sind freibleibend und unverbindlich. Trotz sorgf\u00e4ltiger inhaltlicher Kontrolle \u00fcbernimmt Eva Petzenhauser keine Haftung f\u00fcr die Inhalte externer Links. F\u00fcr den Inhalt der verlinkten Seiten sind ausschlie\u00dflich deren Betreiber verantwortlich. \u00a0<\/p>\n","protected":false},"author":1,"featured_media":0,"parent":0,"menu_order":0,"comment_status":"closed","ping_status":"open","template":"","meta":[],"_links":{"self":[{"href":"https:\/\/www.ladyeveandheronemanband.de\/index.php?rest_route=\/wp\/v2\/pages\/18"}],"collection":[{"href":"https:\/\/www.ladyeveandheronemanband.de\/index.php?rest_route=\/wp\/v2\/pages"}],"about":[{"href":"https:\/\/www.ladyeveandheronemanband.de\/index.php?rest_route=\/wp\/v2\/types\/page"}],"author":[{"embeddable":true,"href":"https:\/\/www.ladyeveandheronemanband.de\/index.php?rest_route=\/wp\/v2\/users\/1"}],"replies":[{"embeddable":true,"href":"https:\/\/www.ladyeveandheronemanband.de\/index.php?rest_route=%2Fwp%2Fv2%2Fcomments&post=18"}],"version-history":[{"count":9,"href":"https:\/\/www.ladyeveandheronemanband.de\/index.php?rest_route=\/wp\/v2\/pages\/18\/revisions"}],"predecessor-version":[{"id":473,"href":"https:\/\/www.ladyeveandheronemanband.de\/index.php?rest_route=\/wp\/v2\/pages\/18\/revisions\/473"}],"wp:attachment":[{"href":"https:\/\/www.ladyeveandheronemanband.de\/index.php?rest_route=%2Fwp%2Fv2%2Fmedia&parent=18"}],"curies":[{"name":"wp","href":"https:\/\/api.w.org\/{rel}","templated":true}]}}